{"id":59,"date":"2018-07-30T16:59:31","date_gmt":"2018-07-30T14:59:31","guid":{"rendered":"http:\/\/abcvape.fr\/?page_id=59"},"modified":"2018-09-25T15:58:25","modified_gmt":"2018-09-25T13:58:25","slug":"posters","status":"publish","type":"page","link":"https:\/\/abcvape.fr\/index.php\/posters\/","title":{"rendered":"Posters"},"content":{"rendered":"<p>Voici nos posters disponibles en t\u00e9l\u00e9chargement.<br \/>\nVous pouvez reproduire, distribuer gratuitement et afficher ces posters o\u00f9 vous le souhaitez. Vous ne pouvez pas modifier leur contenu ni les vendre.<\/p>\n<h2>Poster 1: La cigarette \u00e9lectronique est-elle dangereuse pour la sant\u00e9 ?<\/h2>\n<p><a href=\"\/wp-content\/uploads\/posters\/poster-1-abcvape.pdf\" target=\"_blank\" rel=\"noopener\">T\u00e9l\u00e9charger le PDF<\/a> &#8211; Format A3<\/p>\n<p><a href=\"\/wp-content\/uploads\/posters\/poster-1-abcvape.pdf\"><img loading=\"lazy\" class=\"alignleft wp-image-62 size-medium\" src=\"http:\/\/abcvape.fr\/wp-content\/uploads\/2018\/07\/poster-1-213x300.jpg\" alt=\"T\u00e9l\u00e9charger\" width=\"213\" height=\"300\" srcset=\"https:\/\/abcvape.fr\/wp-content\/uploads\/2018\/07\/poster-1-213x300.jpg 213w, https:\/\/abcvape.fr\/wp-content\/uploads\/2018\/07\/poster-1-768x1082.jpg 768w, https:\/\/abcvape.fr\/wp-content\/uploads\/2018\/07\/poster-1-727x1024.jpg 727w, https:\/\/abcvape.fr\/wp-content\/uploads\/2018\/07\/poster-1.jpg 853w\" sizes=\"(max-width: 213px) 100vw, 213px\" \/><\/a><\/p>\n<h2>Poster 2: L&rsquo;essentiel \u00e0 savoir sur la nicotine<\/h2>\n<p><a href=\"\/wp-content\/uploads\/posters\/poster-nicotine-abcvape.pdf\" target=\"_blank\" rel=\"noopener\">T\u00e9l\u00e9charger le PDF<\/a> &#8211; Format A3<\/p>\n<p><a href=\"\/wp-content\/uploads\/posters\/poster-nicotine-abcvape\"><img loading=\"lazy\" src=\"http:\/\/abcvape.fr\/wp-content\/uploads\/2018\/09\/poster-2-nicotine-abcvape.jpg\" alt=\"T\u00e9l\u00e9charger\" width=\"213\" height=\"300\"\" \/><\/a><\/p>\n","protected":false},"excerpt":{"rendered":"<p>Voici nos posters disponibles en t\u00e9l\u00e9chargement. Vous pouvez reproduire, distribuer gratuitement et afficher ces posters o\u00f9 vous le souhaitez. Vous ne pouvez pas modifier leur contenu ni les vendre. Poster 1: La cigarette \u00e9lectronique est-elle dangereuse pour la sant\u00e9 ? T\u00e9l\u00e9charger le PDF &#8211; Format A3 Poster 2: L&rsquo;essentiel \u00e0 savoir sur la nicotine T\u00e9l\u00e9charger &hellip; <\/p>\n<p class=\"link-more\"><a href=\"https:\/\/abcvape.fr\/index.php\/posters\/\" class=\"more-link\">Continuer la lecture<span class=\"screen-reader-text\"> de &laquo;&nbsp;Posters&nbsp;&raquo;<\/span><\/a><\/p>\n","protected":false},"author":1,"featured_media":0,"parent":0,"menu_order":0,"comment_status":"closed","ping_status":"closed","template":"","meta":[],"_links":{"self":[{"href":"https:\/\/abcvape.fr\/index.php\/wp-json\/wp\/v2\/pages\/59"}],"collection":[{"href":"https:\/\/abcvape.fr\/index.php\/wp-json\/wp\/v2\/pages"}],"about":[{"href":"https:\/\/abcvape.fr\/index.php\/wp-json\/wp\/v2\/types\/page"}],"author":[{"embeddable":true,"href":"https:\/\/abcvape.fr\/index.php\/wp-json\/wp\/v2\/users\/1"}],"replies":[{"embeddable":true,"href":"https:\/\/abcvape.fr\/index.php\/wp-json\/wp\/v2\/comments?post=59"}],"version-history":[{"count":9,"href":"https:\/\/abcvape.fr\/index.php\/wp-json\/wp\/v2\/pages\/59\/revisions"}],"predecessor-version":[{"id":76,"href":"https:\/\/abcvape.fr\/index.php\/wp-json\/wp\/v2\/pages\/59\/revisions\/76"}],"wp:attachment":[{"href":"https:\/\/abcvape.fr\/index.php\/wp-json\/wp\/v2\/media?parent=59"}],"curies":[{"name":"wp","href":"https:\/\/api.w.org\/{rel}","templated":true}]}}